{"id":9921,"date":"2024-02-06T13:40:45","date_gmt":"2024-02-06T13:40:45","guid":{"rendered":"https:\/\/www.vccp.com\/madrid\/?page_id=9921"},"modified":"2024-02-06T13:51:29","modified_gmt":"2024-02-06T13:51:29","slug":"uso-fraudulento-del-nombre-de-vccp","status":"publish","type":"page","link":"https:\/\/www.vccp.com\/spain\/es-es\/uso-fraudulento-del-nombre-de-vccp","title":{"rendered":"USO FRAUDULENTO DE LA MARCA VCCP Y OTRAS MARCAS Y NAMINGS ASOCIADOS"},"content":{"rendered":"<div class=\"lazyblock-text-full-width-UOIr3 wp-block-lazyblock-text-full-width\"><section class=\"fullwidth text-center\" data-aos=\"fade-up\">\n  <div class=\"container\">\n    \n    \n    <p>Le informamos que el nombre de la marca VCCP ha sido utilizado de manera fraudulenta por terceros, comunic\u00e1ndose a trav\u00e9s de servicios de mensajer\u00eda en sitios web y aplicaciones no oficiales.<\/p>\n<p>Cualquier sitio web o aplicaci\u00f3n que afirme tener alg\u00fan v\u00ednculo con VCCP, o cualquier supuesto miembro de nuestro grupo que solicite el pago de cuotas de membres\u00eda o informaci\u00f3n personal y\/o financiera, es fraudulento. Est\u00e9 atento a este tipo de estafas e inf\u00f3rmelo a las autoridades correspondientes.<\/p>\n<p>Estamos tomando medidas con las autoridades pertinentes para detener el uso fraudulento de nuestras marcas.<\/p>\n  <\/div>\n<\/section><\/div>","protected":false},"excerpt":{"rendered":"","protected":false},"author":6,"featured_media":0,"parent":0,"menu_order":0,"comment_status":"closed","ping_status":"closed","template":"","meta":{"_acf_changed":false,"inline_featured_image":false,"footnotes":""},"class_list":["post-9921","page","type-page","status-publish","hentry"],"acf":{"hero_video":"","hero_image":false,"meta_title":"","meta-description":"","og-image":false,"twitter-site":"","twitter-card":"","twitter-image-alt":"","visibility_in_homepage":[],"visibility_in_work_page":[],"related_content_title":"You may also like","relateditems":false,"hide_related_items":[]},"lang":"es-es","translations":{"es-es":9921,"en-gb":9919},"pll_sync_post":[],"_links":{"self":[{"href":"https:\/\/www.vccp.com\/spain\/wp-json\/wp\/v2\/pages\/9921","targetHints":{"allow":["GET"]}}],"collection":[{"href":"https:\/\/www.vccp.com\/spain\/wp-json\/wp\/v2\/pages"}],"about":[{"href":"https:\/\/www.vccp.com\/spain\/wp-json\/wp\/v2\/types\/page"}],"author":[{"embeddable":true,"href":"https:\/\/www.vccp.com\/spain\/wp-json\/wp\/v2\/users\/6"}],"replies":[{"embeddable":true,"href":"https:\/\/www.vccp.com\/spain\/wp-json\/wp\/v2\/comments?post=9921"}],"version-history":[{"count":2,"href":"https:\/\/www.vccp.com\/spain\/wp-json\/wp\/v2\/pages\/9921\/revisions"}],"predecessor-version":[{"id":9923,"href":"https:\/\/www.vccp.com\/spain\/wp-json\/wp\/v2\/pages\/9921\/revisions\/9923"}],"wp:attachment":[{"href":"https:\/\/www.vccp.com\/spain\/wp-json\/wp\/v2\/media?parent=9921"}],"curies":[{"name":"wp","href":"https:\/\/api.w.org\/{rel}","templated":true}]}}