{"id":1026,"date":"2020-06-15T22:26:43","date_gmt":"2020-06-15T21:26:43","guid":{"rendered":"https:\/\/www.vccp.com\/madrid\/?page_id=1026"},"modified":"2020-07-09T19:05:32","modified_gmt":"2020-07-09T18:05:32","slug":"trabajo","status":"publish","type":"page","link":"https:\/\/www.vccp.com\/spain\/es-es\/trabajo","title":{"rendered":"Trabajo"},"content":{"rendered":"","protected":false},"excerpt":{"rendered":"","protected":false},"author":2,"featured_media":0,"parent":0,"menu_order":1,"comment_status":"closed","ping_status":"closed","template":"page-work-listing.php","meta":{"_acf_changed":false,"inline_featured_image":false,"footnotes":""},"class_list":["post-1026","page","type-page","status-publish","hentry"],"acf":{"meta-description":"These are our most bolded works.","og-image":false,"twitter-site":"","twitter-card":"","twitter-image-alt":"","title":"You are Looking at","sub_title":"All Works","hero_video":"","hero_image":{"ID":9910,"id":9910,"title":"Imagencuerda_2","filename":"Imagencuerda_2.jpg","filesize":745365,"url":"https:\/\/www.vccp.com\/spain\/wp-content\/uploads\/sites\/3\/2024\/02\/Imagencuerda_2.jpg","link":"https:\/\/www.vccp.com\/spain\/es-es\/trabajo\/o2\/la-primera-buena-decision-del-ano\/attachment\/imagencuerda_2","alt":"","author":"23","description":"","caption":"","name":"imagencuerda_2","status":"inherit","uploaded_to":9909,"date":"2024-02-01 18:00:06","modified":"2024-02-01 18:00:06","menu_order":0,"mime_type":"image\/jpeg","type":"image","subtype":"jpeg","icon":"https:\/\/www.vccp.com\/spain\/wp-includes\/images\/media\/default.png","width":1920,"height":1080,"sizes":{"thumbnail":"https:\/\/www.vccp.com\/spain\/wp-content\/uploads\/sites\/3\/2024\/02\/Imagencuerda_2-150x150.jpg","thumbnail-width":150,"thumbnail-height":150,"medium":"https:\/\/www.vccp.com\/spain\/wp-content\/uploads\/sites\/3\/2024\/02\/Imagencuerda_2-300x169.jpg","medium-width":300,"medium-height":169,"medium_large":"https:\/\/www.vccp.com\/spain\/wp-content\/uploads\/sites\/3\/2024\/02\/Imagencuerda_2-768x432.jpg","medium_large-width":640,"medium_large-height":360,"large":"https:\/\/www.vccp.com\/spain\/wp-content\/uploads\/sites\/3\/2024\/02\/Imagencuerda_2-1024x576.jpg","large-width":640,"large-height":360,"1536x1536":"https:\/\/www.vccp.com\/spain\/wp-content\/uploads\/sites\/3\/2024\/02\/Imagencuerda_2-1536x864.jpg","1536x1536-width":1536,"1536x1536-height":864,"2048x2048":"https:\/\/www.vccp.com\/spain\/wp-content\/uploads\/sites\/3\/2024\/02\/Imagencuerda_2.jpg","2048x2048-width":1920,"2048x2048-height":1080,"Header":"https:\/\/www.vccp.com\/spain\/wp-content\/uploads\/sites\/3\/2024\/02\/Imagencuerda_2-1920x720.jpg","Header-width":1920,"Header-height":720,"Wide":"https:\/\/www.vccp.com\/spain\/wp-content\/uploads\/sites\/3\/2024\/02\/Imagencuerda_2-1920x960.jpg","Wide-width":1920,"Wide-height":960,"Square":"https:\/\/www.vccp.com\/spain\/wp-content\/uploads\/sites\/3\/2024\/02\/Imagencuerda_2-768x768.jpg","Square-width":768,"Square-height":768,"Tall":"https:\/\/www.vccp.com\/spain\/wp-content\/uploads\/sites\/3\/2024\/02\/Imagencuerda_2-307x615.jpg","Tall-width":307,"Tall-height":615,"Mobile":"https:\/\/www.vccp.com\/spain\/wp-content\/uploads\/sites\/3\/2024\/02\/Imagencuerda_2-768x960.jpg","Mobile-width":768,"Mobile-height":960,"Facebook":"https:\/\/www.vccp.com\/spain\/wp-content\/uploads\/sites\/3\/2024\/02\/Imagencuerda_2-1200x630.jpg","Facebook-width":1200,"Facebook-height":630,"Grid-Item-Square":"https:\/\/www.vccp.com\/spain\/wp-content\/uploads\/sites\/3\/2024\/02\/Imagencuerda_2-768x768.jpg","Grid-Item-Square-width":768,"Grid-Item-Square-height":768,"Grid-Item-Wide":"https:\/\/www.vccp.com\/spain\/wp-content\/uploads\/sites\/3\/2024\/02\/Imagencuerda_2-768x384.jpg","Grid-Item-Wide-width":768,"Grid-Item-Wide-height":384,"Grid-Item-Tall":"https:\/\/www.vccp.com\/spain\/wp-content\/uploads\/sites\/3\/2024\/02\/Imagencuerda_2-307x615.jpg","Grid-Item-Tall-width":307,"Grid-Item-Tall-height":615}},"related_content_title":"YOU MAY ALSO LIKE","relateditems":[{"relateditem":{"ID":8945,"post_author":"2","post_date":"2020-03-23 17:45:00","post_date_gmt":"2020-03-23 17:45:00","post_content":"<!-- wp:lazyblock\/two-column-side-by-side-text-inline-image-button {\"items\":\"%5B%7B%22text%22:%22%3Cp%3E%3Cstrong%3EVCCP%20Spain%3C\/strong%3E%C2%A0ha%20ganado%20la%20cuenta%20de%20Larios%20tras%20la%20celebraci%C3%B3n%20de%20un%20concurso%20de%20agencias%20que%20tuvo%20lugar%20recientemente%20y%20en%20el%20que%20participaron%204%20agencias.%3C\/p%3E%22%7D,%7B%22text%22:%22%3Cp%3EComo%20resultado%20del%20concurso,%20VCCP%20Spain%20es%20la%20nueva%20agencia%20responsable%20tanto%20del%20desarrollo%20estrat%C3%A9gico%20como%20de%20la%20creaci%C3%B3n%20y%20producci%C3%B3n%20de%20las%20diferentes%20campa%C3%B1as%20de%20Larios%20en%20todos%20los%20puntos%20de%20contacto,%20trabajando%20en%20estrecha%20colaboraci%C3%B3n%20con%20las%20agencias%20de%20medios%20y%20relaciones%20p%C3%BAblicas%20de%20la%20marca.%3C\/p%3E%22%7D%5D\",\"blockId\":\"Z24kX2O\",\"blockUniqueClass\":\"lazyblock-two-column-side-by-side-text-inline-image-button-Z24kX2O\"} \/-->\n\n<!-- wp:lazyblock\/quote-full-width {\"quote\":\"Tenemos mucha ilusi\u00f3n y confianza en el camino que iniciamos juntos con VCCP, durante las pocas semanas que llevamos juntos ya han demostrado sensibilidad y frescura para defender el estilo de vida mediterr\u00e1neo del que Larios hace bandera. Nos sentimos afortunados de que hayan puesto su talento al servicio de Larios\",\"quotee\":\"Marcos de la Torre, director de marketing de Maxxium\",\"blockId\":\"DYfF\",\"blockUniqueClass\":\"lazyblock-quote-full-width-DYfF\"} \/-->\n\n<!-- wp:lazyblock\/two-column-text-quote-image {\"text-right\":\"\\u003cp\\u003eA pesar de la compleja situaci\u00f3n de la categor\u00eda ginebras, que tras 8 a\u00f1os de crecimiento empieza a decrecer en volumen, Larios mantiene el liderazgo gracias al plan de transformaci\u00f3n de la marca emprendido durante los \u00faltimos a\u00f1os.\\u003c\/p\\u003e\\n\\u003cp\\u003eEn palabras de\u00a0\\u003cstrong\\u003eJavier Suso, CEO de VCCP Spain\\u003c\/strong\\u003e: \u201c\\u003cem\\u003eLarios es una gran marca, de esas para las que toda agencia desea trabajar por su gran arraigo, su relevancia en la cultura popular espa\u00f1ola, su personalidad y, sobre todo, por la ambici\u00f3n de su proyecto de futuro, en el que tendremos la suerte de participar. Estamos muy agradecidos al equipo de la marca por la confianza depositada en nosotros\u201d.\\u003c\/em\\u003e\\u003c\/p\\u003e\\n\\u003cp\\u003eEl trabajo que VCCP Spain desarrollar\u00e1 para la marca tiene como objetivo consolidar el liderazgo sostenible de Larios en la categor\u00eda ginebras en los pr\u00f3ximos a\u00f1os, incrementando el brand equity, la relevancia y la diferenciaci\u00f3n de la marca en un sector cada d\u00eda m\u00e1s competitivo, intensificando el v\u00ednculo emocional con la marca Larios, as\u00ed como optimizando la experiencia de marca.\\u003c\/p\\u003e\",\"quote\":\"Larios es una gran marca, de esas para las que toda agencia desea trabajar\",\"image-768x768\":\"%7B%22alt%22:%22%22,%22title%22:%22Familia%20LariosEspiritu%20Mediterraneocitrus%22,%22caption%22:%22%22,%22id%22:8943,%22link%22:%22https:\/\/www.vccp.com\/madrid\/news\/2020\/03\/vccp-spain-gana-la-cuenta-de-larios\/attachment\/familia-lariosespiritu-mediterraneocitrus%22,%22url%22:%22https:\/\/www.vccp.com\/madrid\/wp-content\/uploads\/sites\/3\/2020\/08\/Familia-LariosEspiritu-Mediterraneocitrus.jpg%22%7D\",\"blockId\":\"Z19Afsi\",\"blockUniqueClass\":\"lazyblock-two-column-text-quote-image-Z19Afsi\"} \/-->","post_title":"Ganamos la cuenta de Larios","post_excerpt":"","post_status":"publish","comment_status":"closed","ping_status":"closed","post_password":"","post_name":"vccp-spain-gana-la-cuenta-de-larios","to_ping":"","pinged":"","post_modified":"2023-02-07 10:33:52","post_modified_gmt":"2023-02-07 10:33:52","post_content_filtered":"","post_parent":0,"guid":"https:\/\/www.vccp.com\/madrid\/?post_type=news&#038;p=8945","menu_order":0,"post_type":"news","post_mime_type":"","comment_count":"0","filter":"raw"}},{"relateditem":{"ID":8941,"post_author":"2","post_date":"2020-03-25 17:32:14","post_date_gmt":"2020-03-25 17:32:14","post_content":"<!-- wp:lazyblock\/text-full-width {\"text\":\"\\u003ch4\\u003eNace Stay Awards, el primer festival que pone la creatividad al servicio de la sociedad, para luchar contra las consecuencias del coronavirus.\\u003c\\\/h4\\u003e\",\"blockId\":\"Z1kiuQy\",\"blockUniqueClass\":\"lazyblock-text-full-width-Z1kiuQy\"} \/-->\n\n<!-- wp:lazyblock\/two-column-side-by-side-text-inline-image-button {\"items\":\"%5B%7B%22text%22:%22%3Cp%3E%3Cstrong%3EStay%20Awards%3C\\\/strong%3E%C2%A0es%20una%20iniciativa%20creada%20desde%20el%20compromiso%20de%20un%20grupo%20de%20profesionales%20de%20la%20agencia%20VCCP%20y%20cuenta%20con%20la%20misi%C3%B3n%20de%20poner%20el%20talento%20de%20las%20personas%20al%20servicio%20de%20la%20sociedad%20para%20luchar%20contra%20el%20coronavirus%20y%20sus%20efectos%20en%20nuestras%20vidas.%3C\\\/p%3E%5Cn%3Cp%3EActualmente,%20muchos%20profesionales%20de%20diferentes%20sectores%20(psic%C3%B3logos,%20docentes,%20personal%20sanitario,%20abogados...)%20est%C3%A1n%20ofreciendo%20su%20ayuda%20de%20forma%20desinteresada%20para%20superar%20el%20reto%20al%20que%20nos%20enfrentamos%20como%20consecuencia%20de%20la%20crisis%20sanitaria%20por%20el%20coronavirus.%3C\\\/p%3E%5Cn%3Cp%3EEn%20este%20sentido,%C2%A0%3Cstrong%3EStay%20Awards%3C\\\/strong%3E%C2%A0trata%20de%20promover%20y%20articular%20la%20ayuda%20desinteresada%20de%20todos%20los%20profesionales%20del%20sector%20publicitario%20para%20ofrecer%20soluciones%20a%20un%20mismo%20cliente:%20la%20sociedad.%20Y%20lo%20hace%20a%20trav%C3%A9s%20de%20sus%20perfiles%20de%20Instagram%20(%3Cstrong%3Estayawards_es%3C\\\/strong%3E%C2%A0para%20pa%C3%ADses%20hispanoparlantes%20y%C2%A0%3Cstrong%3Estayawards_International%3C\\\/strong%3E%C2%A0para%20pa%C3%ADses%20angloparlantes).%3C\\\/p%3E%5Cn%3Cp%3EEn%20concreto,%20se%20trata%20de%20un%20festival%20publicitario%20virtual%20que%20ofrece%20premios%20a%20las%20mejores%20ideas%20para%20hacer%20frente%20a%20las%20principales%20problem%C3%A1ticas%20derivadas%20del%20coronavirus%20y%20del%20estado%20de%20confinamiento%20al%20que%20nos%20enfrentamos.%3C\\\/p%3E%5Cn%3Cp%3EEstas%20problem%C3%A1ticas,%20que%20definen%20las%20categor%C3%ADas%20de%20este%20festival,%20son%20las%20siguientes:%C2%A0%3C\\\/p%3E%5Cn%3Cp%3E-%20Nuevos%20medios:%20los%20balcones.%3C\\\/p%3E%5Cn%3Cp%3E-%20Outdoor:%20apoyo%20a%20los%20profesionales%20que%20siguen%20trabajando%20fuera%20de%20casa.%3C\\\/p%3E%5Cn%3Cp%3E-%20Entretenimiento:%20en%20tiempo%20de%20cuarentena.%3C\\\/p%3E%5Cn%3Cp%3E-%20(Des)%20activaci%C3%B3n%20de%20ni%C3%B1os%20en%20horario%20laboral.%3C\\\/p%3E%5Cn%3Cp%3E-%20PR:%20paremos%20los%20bulos.%3C\\\/p%3E%5Cn%3Cp%3E-%20Direct:%20c%C3%B3mo%20acompa%C3%B1ar%20a%20los%20hospitalizados.%3C\\\/p%3E%5Cn%3Cp%3E-%20Responsabilidad%20con%20las%20personas%20vulnerables.%3C\\\/p%3E%5Cn%3Cp%3E-%20Storytelling%20para%20ni%C3%B1os:educaci%C3%B3n%20sanitaria%20a%20ni%C3%B1os%20respecto%20al%20COVID-19.%3C\\\/p%3E%5Cn%3Cp%3E-%20%C2%BFY%20despu%C3%A9s?%20Vuelta%20a%20la%20vida%20real:%20ayuda%20a%20los%20afectados%20tras%20la%20vuelta%20a%20la%20normalidad.%3C\\\/p%3E%22%7D,%7B%22text%22:%22%3Cp%3ECada%20semana%20se%20seleccionar%C3%A1%20una%20categor%C3%ADa,%20que%20se%20har%C3%A1%20p%C3%BAblica%20a%20trav%C3%A9s%20de%20un%20story%20en%20el%20perfil%20de%C2%A0%3Cstrong%3EInstagram%20stayawards_es%3C\\\/strong%3E,%20y%20se%20abrir%C3%A1%20un%20periodo%20de%2048%20horas%20para%20que%20cualquier%20persona%20pueda%20proponer%20sus%20ideas%20para%20dar%20respuesta%20a%20la%20problem%C3%A1tica%20propuesta.%20La%20participaci%C3%B3n%20se%20articular%C3%A1%20a%20trav%C3%A9s%20de%20Instagram%20(DM%20al%20perfil%20de%20Stay%20Awards)%20o%20por%20email%20(%3Ca%20href=%5C%22mailto:hellostayawards@gmail.com%5C%22%3Ehellostayawards@gmail.com%3C\\\/a%3E).%3C\\\/p%3E%5Cn%3Cp%3ELas%20soluciones,%20de%20acuerdo%20a%20los%20ejemplos%20propuestas%20en%20la%20secci%C3%B3n%20%5C%22Inspiraci%C3%B3n%5C%22%20de%20los%20destacados%20del%20perfil%20de%20Instagram,%20deben%20ser%20sencillas%20y%20f%C3%A1ciles%20de%20aplicar%20para%20cualquier%20persona.%3C\\\/p%3E%5Cn%3Cp%3EA%20finales%20de%20cada%20semana%20se%20compartir%C3%A1n%20las%20mejores%20ideas,%20d%C3%A1ndoles%20la%20mayor%20difusi%C3%B3n%20posible%20para%20que%20todo%20el%20mundo%20pueda%20ponerlas%20en%20pr%C3%A1ctica.%3C\\\/p%3E%5Cn%3Cp%3ELa%20participaci%C3%B3n%20en%20este%20festival%20est%C3%A1%20abierto%20a%20cualquier%20persona,%20ya%20sea%20profesional%20del%20sector%20publicitario%20o%20no,%20tanto%20en%20Espa%C3%B1a%20de%20cualquier%20pa%C3%ADs%20del%20mundo,%20porque%20aunque%20debemos%20quedarnos%20en%20casa,%20nuestras%20ideas%20no%20tienen%20por%20qu%C3%A9%20estar%20cuarentena.%3C\\\/p%3E%22%7D%5D\",\"blockId\":\"ZV8AqB\",\"blockUniqueClass\":\"lazyblock-two-column-side-by-side-text-inline-image-button-ZV8AqB\"} \/-->\n\n<!-- wp:lazyblock\/carousel {\"items\":\"%5B%7B%22image-1152x648%22:%7B%22alt%22:%22%22,%22title%22:%22STAYAWARDS%20Vccp%20medios%202%22,%22caption%22:%22%22,%22id%22:8939,%22link%22:%22https:\\\/\\\/www.vccp.com\\\/madrid\\\/news\\\/2020\\\/03\\\/stay-awards\\\/attachment\\\/stayawards-vccp-medios-2%22,%22url%22:%22https:\\\/\\\/www.vccp.com\\\/madrid\\\/wp-content\\\/uploads\\\/sites\\\/3\\\/2020\\\/08\\\/STAYAWARDS-Vccp-medios-2.jpg%22%7D%7D,%7B%22image-1152x648%22:%7B%22alt%22:%22%22,%22title%22:%22STAYAWARDS%20Vccp%20medios%201%22,%22caption%22:%22%22,%22id%22:8938,%22link%22:%22https:\\\/\\\/www.vccp.com\\\/madrid\\\/news\\\/2020\\\/03\\\/stay-awards\\\/attachment\\\/stayawards-vccp-medios-1%22,%22url%22:%22https:\\\/\\\/www.vccp.com\\\/madrid\\\/wp-content\\\/uploads\\\/sites\\\/3\\\/2020\\\/08\\\/STAYAWARDS-Vccp-medios-1.jpg%22%7D%7D%5D\",\"arrow-controls\":true,\"blockId\":\"nhy4P\",\"blockUniqueClass\":\"lazyblock-carousel-nhy4P\"} \/-->\n\n<!-- wp:lazyblock\/quote-full-width {\"quote\":\"Sabemos que una situaci\\u00f3n como la que estamos viviendo requiere que todos pongamos nuestro granito de arena para ayudar, as\\u00ed que empezamos a preguntarnos qu\\u00e9 papel podr\\u00eda jugar el sector publicitario en esta crisis. Nosotros creemos que la creatividad es una herramienta fundamental para solventar algunos de los retos a los que nos estamos enfrentando en estos momentos. Por eso, a trav\\u00e9s de Stay Awards, queremos invitar a todo el sector a ponerse al servicio de la sociedad para aportar soluciones reales a los problemas del que ya es nuestro nuevo d\\u00eda a d\\u00eda.Quiz\\u00e1s con nuestro trabajo no podamos salvar vidas, pero estamos seguros de que podemos, al menos, mejorarlas.\",\"quotee\":\"Lia Garcia, copywriter en VCCP\",\"blockId\":\"Z12IXQQ\",\"blockUniqueClass\":\"lazyblock-quote-full-width-Z12IXQQ\"} \/-->","post_title":"Stay Awards","post_excerpt":"","post_status":"publish","comment_status":"closed","ping_status":"closed","post_password":"","post_name":"stay-awards","to_ping":"","pinged":"","post_modified":"2020-08-27 16:57:34","post_modified_gmt":"2020-08-27 15:57:34","post_content_filtered":"","post_parent":0,"guid":"https:\/\/www.vccp.com\/madrid\/?post_type=news&#038;p=8941","menu_order":0,"post_type":"news","post_mime_type":"","comment_count":"0","filter":"raw"}},{"relateditem":{"ID":8920,"post_author":"2","post_date":"2020-02-11 16:41:27","post_date_gmt":"2020-02-11 16:41:27","post_content":"<!-- wp:lazyblock\/text-full-width {\"text\":\"\\u003ch4\\u003eEn la segunda posici\u00f3n ha habido VCCP, con #TweetsFromTheFuture. Ha apostado por mirar al futuro para sensibilizar sobre la soledad de nuestros mayores y el cambio clim\u00e1tico. #TweetsFromTheFuture propone lanzar mensajes que creen puentes entre agentes medioambientales y los \u00e1mbitos de la informaci\u00f3n y la formaci\u00f3n, la investigaci\u00f3n y la educaci\u00f3n.\\u003c\/h4\\u003e\",\"blockId\":\"Z1bXGvN\",\"blockUniqueClass\":\"lazyblock-text-full-width-Z1bXGvN\"} \/-->\n\n<!-- wp:lazyblock\/two-column-side-by-side-text-inline-image-button {\"items\":\"%5B%7B%22text%22:%22%3Cp%3E%3Cstrong%3EPunto%20de%20partida%3C\/strong%3E%3C\/p%3E%5Cn%3Cp%3EEl%20cambio%20clim%C3%A1tico%20es%20real%20y,%20si%20no%20podemos%20controlarlo,%20afectar%C3%A1%20a%20nuestra%20planeta%20y%20nuestras%20vidas%20de%20manera%20irreversible.%20Todos%20conocemos%20algunas%20de%20sus%20consecuencias,%20como%20el%20calentamiento%20global%20y%20la%20subida%20del%20nivel%20del%20mar%20per,%20de%20verdad%20sabemos%20como%20estas%20cosas%20van%20a%20afectar%20nuestras%20vidas%20diarias?%3C\/p%3E%22%7D,%7B%22text%22:%22%3Cp%3E%3Cstrong%3EEl%20idea%C2%A0%3C\/strong%3E%3C\/p%3E%5Cn%3Cp%3EA%20trav%C3%A9s%20de%20#TweetsFromTheFuture%20vamos%20a%20concienciar,%20e%20involucrar%20a%20la%20comunidad%20de%20Twitter,%20mostr%C3%A1ndoles%20lo%20que%20podr%C3%A1n%20tuitear.%20Un%20futuro%20en%20el%20cual%20las%20consecuencias%20del%20cambio%20clim%C3%A1tico%20ser%C3%A1n%20una%20parte%20significativa%20de%20nuestras%20vidas.%C2%A0%3C\/p%3E%22%7D%5D\",\"blockId\":\"20GqwJ\",\"blockUniqueClass\":\"lazyblock-two-column-side-by-side-text-inline-image-button-20GqwJ\"} \/-->\n\n<!-- wp:lazyblock\/image-full-width {\"image\":\"%7B%22alt%22:%22%22,%22title%22:%22LiaGonzaloTwitter2%22,%22caption%22:%22%22,%22id%22:8918,%22link%22:%22https:\/\/www.vccp.com\/madrid\/news\/2020\/02\/vccp-gana-segunda-posicion-en-el-concurso-poweredbytweets\/attachment\/liagonzalotwitter2%22,%22url%22:%22https:\/\/www.vccp.com\/madrid\/wp-content\/uploads\/sites\/3\/2020\/08\/LiaGonzaloTwitter2.jpg%22%7D\",\"blockId\":\"M0ksU\",\"blockUniqueClass\":\"lazyblock-image-full-width-M0ksU\"} \/-->\n\n<!-- wp:lazyblock\/two-column-text-inline-image-button {\"image-768x768\":\"%7B%22alt%22:%22%22,%22title%22:%22LiaGonzaloTwitter%22,%22caption%22:%22%22,%22id%22:8916,%22link%22:%22https:\/\/www.vccp.com\/madrid\/news\/2020\/02\/vccp-gana-segunda-posicion-en-el-concurso-poweredbytweets\/attachment\/liagonzalotwitter%22,%22url%22:%22https:\/\/www.vccp.com\/madrid\/wp-content\/uploads\/sites\/3\/2020\/08\/LiaGonzaloTwitter.jpg%22%7D\",\"title\":\"#TweetsFromTheFuture\",\"text\":\"\\u003cp\\u003eEl concurso #PoweredByTweets premia ideas originales que propicien la creaci\u00f3n de movimientos en Twitter para cambiar el mundo. Los ganadores de este a\u00f1o abogan por la lucha contra la pobreza infantil y la soledad de los mayores, as\u00ed como la conversaci\u00f3n del medio ambiente.\\u003c\/p\\u003e\\n\\u003cp\\u003eLa conversaci\u00f3n de Twitter ha sido la impulsora principal de la cuarta edici\u00f3n de la aceleradora de proyectos sociales #PoweredbyTweets, promovida por la Caixa y Twitter Espa\u00f1a con la colaboraci\u00f3n de ESIC.\\u003c\/p\\u003e\",\"blockId\":\"1ftMy4\",\"blockUniqueClass\":\"lazyblock-two-column-text-inline-image-button-1ftMy4\"} \/-->\n\n<!-- wp:lazyblock\/quote-full-width {\"quote\":\"Nuestra plataforma, analizar\u00e1 la historia de los usuarios de Twitter adem\u00e1s de sus localizaciones. Sus tweets van a proporcionar informaci\u00f3n tales como sus in intereses principales, sus pasatiempos y sus formas de escribir. Gracias a la localizaci\u00f3n, vamos a determinar cuales ser\u00e1n los problemas principales en su barrio si el cambio clim\u00e1tico sigue creciendo con esta velocidad. El resultado, ser\u00e1 un tweet que los usuarios podr\u00edan escribir por s\u00ed mismos en el futuro. Este tweet servir\u00e1 como aviso de los efectos diarios que experimentaran en el futuro si no hacemos algo para detenerlo ahora.\",\"blockId\":\"Z1hlH5y\",\"blockUniqueClass\":\"lazyblock-quote-full-width-Z1hlH5y\"} \/-->","post_title":"VCCP es uno de los gandores de #PoweredByTweets","post_excerpt":"","post_status":"publish","comment_status":"closed","ping_status":"closed","post_password":"","post_name":"poweredbytweets","to_ping":"","pinged":"","post_modified":"2023-02-07 10:34:41","post_modified_gmt":"2023-02-07 10:34:41","post_content_filtered":"","post_parent":0,"guid":"https:\/\/www.vccp.com\/madrid\/?post_type=news&#038;p=8920","menu_order":0,"post_type":"news","post_mime_type":"","comment_count":"0","filter":"raw"}}],"client_id":"100","meta_title":"VCCP.es - Work","hide_related_items":[]},"lang":"es-es","translations":{"es-es":1026,"en-gb":212},"pll_sync_post":[],"_links":{"self":[{"href":"https:\/\/www.vccp.com\/spain\/wp-json\/wp\/v2\/pages\/1026","targetHints":{"allow":["GET"]}}],"collection":[{"href":"https:\/\/www.vccp.com\/spain\/wp-json\/wp\/v2\/pages"}],"about":[{"href":"https:\/\/www.vccp.com\/spain\/wp-json\/wp\/v2\/types\/page"}],"author":[{"embeddable":true,"href":"https:\/\/www.vccp.com\/spain\/wp-json\/wp\/v2\/users\/2"}],"replies":[{"embeddable":true,"href":"https:\/\/www.vccp.com\/spain\/wp-json\/wp\/v2\/comments?post=1026"}],"version-history":[{"count":1,"href":"https:\/\/www.vccp.com\/spain\/wp-json\/wp\/v2\/pages\/1026\/revisions"}],"predecessor-version":[{"id":1027,"href":"https:\/\/www.vccp.com\/spain\/wp-json\/wp\/v2\/pages\/1026\/revisions\/1027"}],"wp:attachment":[{"href":"https:\/\/www.vccp.com\/spain\/wp-json\/wp\/v2\/media?parent=1026"}],"curies":[{"name":"wp","href":"https:\/\/api.w.org\/{rel}","templated":true}]}}