{"id":18,"date":"2020-06-12T14:48:31","date_gmt":"2020-06-12T13:48:31","guid":{"rendered":"https:\/\/www.vccp.com\/prague\/?page_id=18"},"modified":"2024-05-28T10:07:55","modified_gmt":"2024-05-28T09:07:55","slug":"home","status":"publish","type":"page","link":"https:\/\/www.vccp.com\/czechia\/","title":{"rendered":"Home"},"content":{"rendered":"","protected":false},"excerpt":{"rendered":"","protected":false},"author":2,"featured_media":0,"parent":0,"menu_order":0,"comment_status":"closed","ping_status":"closed","template":"page-home.php","meta":{"_acf_changed":false,"inline_featured_image":false,"footnotes":""},"class_list":["post-18","page","type-page","status-publish","hentry"],"acf":{"vimeo_video_id":"344273911","hero_image":false,"meta-description":"Homepage of VCCP Prague","related_content_title":"You may also like","relateditems":[{"relateditem":{"ID":634,"post_author":"5","post_date":"2020-06-24 09:56:54","post_date_gmt":"2020-06-24 08:56:54","post_content":"<!-- wp:lazyblock\/page-title {\"title\":\"Capabilities\",\"blockId\":\"Z1QKpPa\",\"blockUniqueClass\":\"lazyblock-page-title-Z1QKpPa\"} \/-->","post_title":"Capabilities","post_excerpt":"","post_status":"publish","comment_status":"closed","ping_status":"closed","post_password":"","post_name":"capabilities","to_ping":"","pinged":"","post_modified":"2020-08-27 00:39:03","post_modified_gmt":"2020-08-26 23:39:03","post_content_filtered":"","post_parent":0,"guid":"https:\/\/www.vccp.com\/prague\/?page_id=634","menu_order":0,"post_type":"page","post_mime_type":"","comment_count":"0","filter":"raw"}},{"relateditem":{"ID":212,"post_author":"5","post_date":"2020-06-15 22:26:43","post_date_gmt":"2020-06-15 21:26:43","post_content":"","post_title":"Work","post_excerpt":"","post_status":"publish","comment_status":"closed","ping_status":"closed","post_password":"","post_name":"work","to_ping":"","pinged":"","post_modified":"2021-09-22 10:49:46","post_modified_gmt":"2021-09-22 09:49:46","post_content_filtered":"","post_parent":0,"guid":"https:\/\/www.vccp.com\/prague\/?page_id=212","menu_order":1,"post_type":"page","post_mime_type":"","comment_count":"0","filter":"raw"}},{"relateditem":{"ID":896,"post_author":"5","post_date":"2020-07-01 10:07:30","post_date_gmt":"2020-07-01 09:07:30","post_content":"","post_title":"News","post_excerpt":"","post_status":"publish","comment_status":"closed","ping_status":"closed","post_password":"","post_name":"news","to_ping":"","pinged":"","post_modified":"2025-04-09 08:36:12","post_modified_gmt":"2025-04-09 07:36:12","post_content_filtered":"","post_parent":0,"guid":"https:\/\/www.vccp.com\/prague\/?page_id=896","menu_order":0,"post_type":"page","post_mime_type":"","comment_count":"0","filter":"raw"}}],"social-media-image":"https:\/\/www.vccp.com\/czechia\/wp-content\/uploads\/sites\/6\/2020\/06\/AboutUs_Bear.jpg","meta-title":"Home","show_strapline":false,"strapline_image":"https:\/\/www.vccp.com\/czechia\/wp-content\/uploads\/sites\/6\/2020\/08\/logo-video-overlay.png","office_name":"Prague","office_address":"Portheimka<br>\r\nN\u00e1m\u011bst\u00ed 14. \u0159\u00edjna 17<br>\r\n\u010cesk\u00e1 Republika<br>\r\n150 00 Praha 5","office_contact_number":"+420 255 711 801","office_contact_email":"prague@vccp.com","new_business_contact_number":"","new_business_contact_email":"helenad@vccp.com","new_business_contact_name":"Helena de la Barre","office_image":"https:\/\/www.vccp.com\/czechia\/wp-content\/uploads\/sites\/6\/2020\/07\/Prague.jpg","hide_related_items":[],"featured_posts":false},"lang":"en","translations":{"en":18},"pll_sync_post":[],"_links":{"self":[{"href":"https:\/\/www.vccp.com\/czechia\/wp-json\/wp\/v2\/pages\/18","targetHints":{"allow":["GET"]}}],"collection":[{"href":"https:\/\/www.vccp.com\/czechia\/wp-json\/wp\/v2\/pages"}],"about":[{"href":"https:\/\/www.vccp.com\/czechia\/wp-json\/wp\/v2\/types\/page"}],"author":[{"embeddable":true,"href":"https:\/\/www.vccp.com\/czechia\/wp-json\/wp\/v2\/users\/2"}],"replies":[{"embeddable":true,"href":"https:\/\/www.vccp.com\/czechia\/wp-json\/wp\/v2\/comments?post=18"}],"version-history":[{"count":42,"href":"https:\/\/www.vccp.com\/czechia\/wp-json\/wp\/v2\/pages\/18\/revisions"}],"predecessor-version":[{"id":9623,"href":"https:\/\/www.vccp.com\/czechia\/wp-json\/wp\/v2\/pages\/18\/revisions\/9623"}],"wp:attachment":[{"href":"https:\/\/www.vccp.com\/czechia\/wp-json\/wp\/v2\/media?parent=18"}],"curies":[{"name":"wp","href":"https:\/\/api.w.org\/{rel}","templated":true}]}}